{"id":3,"date":"2024-07-31T16:04:28","date_gmt":"2024-07-31T14:04:28","guid":{"rendered":"http:\/\/taotypk.cluster023.hosting.ovh.net\/?page_id=3"},"modified":"2025-02-10T12:09:53","modified_gmt":"2025-02-10T11:09:53","slug":"privacy-policy","status":"publish","type":"page","link":"https:\/\/blog.assiv.it\/index.php\/privacy-policy\/","title":{"rendered":"Privacy Policy"},"content":{"rendered":"\n<p><strong>INFORMATIVA SUL TRATTAMENTO DEI DATI PERSONALI &#8211; NEWSLETTER<\/strong><\/p>\n\n\n\n<p>(<em>ai sensi dell\u2019art. 13 del Regolamento UE 2016\/679, di seguito \u201cGDPR\u201d<\/em><em>&nbsp;<\/em><em>e del D.Lgs. 196\/2003 cos\u00ec come modificato dal D.Lgs. 101\/2018, di seguito \u201cCodice della Privacy\u201d<\/em>)<\/p>\n\n\n\n<p>Gentile Utente,<\/p>\n\n\n\n<p>ASS.I.V. \u2013 Associazione Italiana Vigilanza&nbsp;e Servizi Fiduciari&nbsp;(di seguito \u201cTitolare\u201d), nel perseguire lo scopo di promuovere l\u2019importanza sociale dell\u2019attivit\u00e0 di vigilanza privata e dei servizi fiduciari, come indicato nel proprio Statuto, fornisce un servizio di invio di newsletter al fine di valorizzare il ruolo della vigilanza privata e incentivare iniziative e progetti utili a conoscerne il settore.<\/p>\n\n\n\n<p>Il Titolare, che&nbsp;&nbsp;riconosce l\u2019importanza della sicurezza e del corretto utilizzo dei dati personali che raccoglie, esegue il trattamento dei dati nel pieno rispetto dei diritti e dei principi fondamentali previsti dalla normativa privacy di riferimento (art. 5 del GDPR), quali la liceit\u00e0, la correttezza, la trasparenza, l\u2019integrit\u00e0 e la riservatezza, garantendo la loro raccolta per finalit\u00e0 determinate, esplicite e legittime e limitando la loro conservazione al tempo necessario al conseguimento delle finalit\u00e0 previste.&nbsp;<\/p>\n\n\n\n<p>Al fine di consentire una piena consapevolezza da parte Sua (di seguito \u201cInteressato\u201d) del trattamento dei dati che La riguardano, la presente informativa si propone di comunicare in modo esauriente, tra gli altri, i motivi e le modalit\u00e0 di utilizzo dei Suoi dati, i soggetti coinvolti nel trattamento nonch\u00e9 i diritti che pu\u00f2 esercitare per la loro tutela.<\/p>\n\n\n\n<p><strong>Definizioni<\/strong><\/p>\n\n\n\n<p>Nella presente informativa i seguenti termini ed espressioni con iniziale maiuscola hanno il significato di seguito indicato:<\/p>\n\n\n\n<ul class=\"wp-block-list\">\n<li>\u201cTitolare\u201d o \u201cAssociazione\u201d: ASS.I.V. \u2013 Associazione Italiana Vigilanza&nbsp;e Servizi Fiduciari, il soggetto che ha stabilito le finalit\u00e0 ed i mezzi del trattamento dei dati personali dell\u2019Interessato;<\/li>\n\n\n\n<li>\u201cDato personale\u201d: le informazioni riguardanti l\u2019Interessato che ne consentono l\u2019identificazione, come di seguito specificate;<\/li>\n\n\n\n<li>\u201cGarante Privacy\u201d: il Garante per la protezione dei dati personali, l\u2019autorit\u00e0 nazionale deputata alla sorveglianza dell\u2019applicazione della normativa privacy;<\/li>\n\n\n\n<li>\u201cGDPR\u201d: il Regolamento Generale sulla protezione dei dati \u2013 Reg. (UE) 2016\/679 del Parlamento europeo e del Consiglio del 27 aprile 2016;&nbsp;<\/li>\n\n\n\n<li>\u201cInteressato\u201d: il soggetto i cui dati personali sono inseriti nel form presente nel blog\/sito internet dell\u2019Associazione, al fine di ricevere la newsletter;<\/li>\n\n\n\n<li>\u201cTrattamento\u201d: qualunque operazione o complesso di operazioni relative ai dati personali dell\u2019Interessato, effettuate anche senza l\u2019ausilio di strumenti elettronici, concernenti la raccolta, la registrazione, l\u2019organizzazione, la conservazione, la consultazione, l\u2019elaborazione, la modificazione, la selezione, l\u2019estrazione, il raffronto, l\u2019utilizzo, l\u2019interconnessione, il blocco, la comunicazione, la diffusione, la cancellazione e la distruzione, anche se non registrati in una banca di dati (art. 4 del GDPR).<\/li>\n<\/ul>\n\n\n\n<p><strong>Titolare del trattamento<\/strong><\/p>\n\n\n\n<p>Il Titolare del trattamento \u00e8&nbsp;ASS.I.V. \u2013 Associazione Italiana Vigilanza&nbsp;e Servizi Fiduciari, in persona del legale rappresentante pro tempore, con sede in Roma, via del Seminario n. 113-116, CAP 00186. Il Titolare pu\u00f2 essere contattato al seguente indirizzo&nbsp;e-mail:&nbsp;<a href=\"mailto:info@assiv.it\">info@assiv.it<\/a><\/p>\n\n\n\n<figure class=\"wp-block-table\"><table class=\"has-fixed-layout\"><tbody><tr><td><strong>Tipologia di Dati personali<\/strong><\/td><td><strong>Finalit\u00e0 del Trattamento<\/strong><\/td><td><strong>Base giuridica<\/strong><\/td><\/tr><tr><td rowspan=\"3\">E-mail inserita mediante la libera compilazione del form presente nel sito\/blog dell\u2019Associazione<\/td><td>Invio della newsletter al fine di fornire informazioni relative alle attivit\u00e8 eseguite dall\u2019Associazione e al settore della vigilanza privata (ad es. pubblicazioni istituzionali, aggiornamenti normativi, webinar, corsi di formazione, articoli pubblicati sul sito etc.)&nbsp;&nbsp;<\/td><td>Esplicito consenso espresso dall\u2019Interessato, ai sensi dell\u2019art. 6 par. 1 lett. a) del GDPR, dopo aver cliccato la casella \u201cISCRIVITI\u201d<\/td><\/tr><tr><td>Adempimenti a carico del Titolare stabiliti da norme di legge, regolamenti nazionali o comunitari, disposizioni impartite da Autorit\u00e0 o da organi di vigilanza e controllo<\/td><td>Esecuzione degli obblighi contenuti in leggi, regolamenti o ordini dell\u2019Autorit\u00e0 a carico del Titolare, ai sensi dell\u2019art. 6, par. 1, lett. c) del GDPR<\/td><\/tr><tr><td>Tutela di qualsiasi diritto o interesse del Titolare o dei suoi dipendenti e collaboratori in sede giudiziale e stragiudiziale&nbsp;<\/td><td>Interesse legittimo del Titolare a tutelare la propria posizione giuridica in qualsiasi sede qualora riconosciuta dalla normativa nazionale o estera, ai sensi dell\u2019art. 6, par. 1, lett. f) del GDPR<\/td><\/tr><\/tbody><\/table><\/figure>\n\n\n\n<p>Il Titolare si riserva la possibilit\u00e0 di utilizzare le informazioni raccolte, in forma anonima e aggregata, al fine di eseguire analisi statistiche relative alla fruizione del servizio di invio della newsletter.<\/p>\n\n\n\n<p><strong>Mancato conferimento dei Dati personali<\/strong><\/p>\n\n\n\n<p>La raccolta e il trattamento dei Dati personali&nbsp;non \u00e8 obbligatorio ma la mancata compilazione del form&nbsp;non consentir\u00e0 al Titolare di inviare la newsletter.<\/p>\n\n\n\n<p><strong>Modalit\u00e0 del Trattamento<\/strong><\/p>\n\n\n\n<p>I Dati personali verranno trattati in forma informatizzata e telematica ed inseriti nelle pertinenti banche dati cui potranno accedere, e quindi venirne a conoscenza, i soggetti espressamente designati dal Titolare quali responsabili ed autorizzati al trattamento, che potranno effettuare attivit\u00e0 di consultazione, utilizzo, elaborazione, raffronto ed ogni altra opportuna operazione nel rispetto delle disposizioni di legge necessarie a garantirne, tra l\u2019altro, la riservatezza e la sicurezza nonch\u00e9 la loro esattezza, aggiornamento e pertinenza, nel rispetto delle finalit\u00e0 dichiarate.<\/p>\n\n\n\n<p>I Dati personali non sono soggetti ad alcun processo decisionale automatizzato, compresa la profilazione.&nbsp;<\/p>\n\n\n\n<p><strong>Destinatari dei Dati personali<\/strong><\/p>\n\n\n\n<p>I Dati personali&nbsp;non saranno in alcun modo diffusi ma possono essere comunicati ai seguenti soggetti esclusivamente&nbsp;per l\u2019esecuzione delle finalit\u00e0 del Trattamento:<\/p>\n\n\n\n<ul class=\"wp-block-list\">\n<li>membri degli organi sociali e dipendenti del Titolare;<\/li>\n\n\n\n<li>amministratore di sistema nominato dal Titolare;<\/li>\n\n\n\n<li>fornitori che si occupano, per conto del Titolare, della gestione e manutenzione della rete informatica e telematica o della formazione e comunicazione della newsletter;<\/li>\n\n\n\n<li>professionisti, collaboratori e consulenti esterni di cui il Titolare si avvale per adempiere ad obblighi di legge o tutelare i propri diritti;<\/li>\n\n\n\n<li>Autorit\u00e0 competenti per adempimenti di obblighi di leggi e\/o di disposizioni di organi pubblici.<\/li>\n<\/ul>\n\n\n\n<p>Quando non operano come autonomi titolari del trattamento, i soggetti suindicati sono nominati quali responsabili del trattamento (art. 28 del GDPR) o autorizzati del trattamento (art. 29 del GDPR) mediante espressa designazione del Titolare, impegnandoli per iscritto al rispetto della normativa vigente ed all\u2019obbligo della riservatezza.<\/p>\n\n\n\n<p>L\u2019elenco dei responsabili del trattamento e dell\u2019amministratore di sistema, con ulteriori dati utili alla loro identificazione, pu\u00f2 essere richiesto al Titolare scrivendo al seguente indirizzo e-mail:&nbsp;<a href=\"mailto:info@assiv.it\">info@assiv.it<\/a><\/p>\n\n\n\n<p><strong>Periodo di conservazione dei Dati personali<\/strong><\/p>\n\n\n\n<p>I Dati personali dell\u2019Interessato sono conservati per tutta la durata di attivit\u00e0 del servizio di invio della newsletter. L\u2019Interessato pu\u00f2 revocare in ogni momento e gratuitamente il proprio consenso cliccando il link, presente a fondo pagina della e-mail di invio della newsletter, che consente l\u2019esercizio dell\u2019opzione di rinuncia alla ricezione della newsletter ed alla cancellazione automatica dalla mailing list del Titolare.&nbsp;<\/p>\n\n\n\n<p>Qualora il Titolare, in base ad un ragionevole criterio di probabilit\u00e0, dovesse utilizzare i Dati personali per tutelare qualsiasi suo diritto in sede giudiziale o stragiudiziale, la durata della loro conservazione pu\u00f2 essere superiore ai termini suindicati ma, in ogni caso, non oltre i termini prescrizionali di legge.<\/p>\n\n\n\n<p>Al termine dei periodi suindicati i dati saranno distrutti o resi anonimi.<\/p>\n\n\n\n<p><strong>Trasferimento dei Dati personali all\u2019estero&nbsp;<\/strong><\/p>\n\n\n\n<p>I Dati personali non sono oggetto di trasferimento verso Paesi esterni all\u2019Unione Europea; tuttavia, qualora fosse necessario avvalersi di soggetti ubicati al di fuori dell\u2019Unione Europea (ad es. in caso di utilizzato di servizi in cloud per la conservazione dei dati), il trasferimento dei Dati personali sar\u00e0 regolato in conformit\u00e0 al Capo V del GDPR.&nbsp;<\/p>\n\n\n\n<p><strong>Diritti dell\u2019Interessato (artt. 15 e ss. del GDPR)<\/strong><\/p>\n\n\n\n<p>Compilando il\u00a0<a href=\"https:\/\/blog.assiv.it\/wp-content\/uploads\/2025\/02\/ASSIV_Modulo-esercizio-diritti-dellInteressato.pdf\">Modulo<\/a>\u00a0e inviandolo alla mail: info@assiv.it, l\u2019Interessato pu\u00f2 esercitare i seguenti diritti:<\/p>\n\n\n\n<ul class=\"wp-block-list\">\n<li>conoscere&nbsp;in qualunque momento se \u00e8 in corso, o meno,&nbsp;un trattamento&nbsp;relativo ai suoi Dati personali;<\/li>\n\n\n\n<li>accedere ai Dati personali&nbsp;al fine di conoscerne il contenuto (ad es. finalit\u00e0, categorie di dati trattati e loro origine, destinatari e periodo di conservazione, l\u2019esistenza di un processo decisionale automatizzato, compresa la profilazione, eventuale trasferimento in paesi extra UE);<\/li>\n\n\n\n<li>richiedere copia dei Dati personali, se tale richiesta non leda i diritti e le libert\u00e0 altrui; in caso di ulteriori copie richieste dall\u2019Interessato, il Titolare potr\u00e0 addebitargli un contributo spese;<\/li>\n\n\n\n<li>modificare, rettificare i Dati personali&nbsp;inesatti&nbsp;o integrare&nbsp;quelli incompleti, senza ingiustificato ritardo;<\/li>\n\n\n\n<li>cancellare i Dati personali&nbsp;senza ingiustificato ritardo, se sussistono le condizioni indicate all\u2019art. 17 del GDPR (ad es. dati non necessari per le finalit\u00e0 del trattamento, trattamento illecito, opposizione al trattamento etc.). Inoltre la cancellazione pu\u00f2 essere ottenuta utilizzando le funzioni automatiche di cancellazione che sono presenti su ogni e-mail di invio della newsletter;<\/li>\n\n\n\n<li>limitare il trattamento&nbsp;nei casi elencati all\u2019art. 18 del GDPR (ad es. durante il periodo di verifica dell\u2019esattezza dei dati in caso di contestazione avanzata dall\u2019Interessato; trattamento illecito; accertamento di un diritto in sede giudiziaria etc.). Il Titolare \u00e8 tenuto ad informare l\u2019Interessato del venir meno della causa della limitazione del trattamento;<\/li>\n\n\n\n<li>ricevere i Dati personali in un formato strutturato, di uso comune e leggibile da dispositivo automatico, e trasmetterli a un altro titolare del trattamento (c.d.&nbsp;diritto alla portabilit\u00e0) senza impedimenti da parte del Titolare, nei casi previsti dall\u2019art. 20 del GDPR, e ottenere la trasmissione diretta dei dati da un titolare del trattamento all\u2019altro, se tecnicamente fattibile;<\/li>\n\n\n\n<li>revocare il consenso&nbsp;(ove prestato) e fermo restando la liceit\u00e0 del trattamento effettuato antecedentemente alla sua revoca;<\/li>\n\n\n\n<li>opporsi a&nbsp;una decisione basata unicamente sul&nbsp;trattamento automatizzato, compresa la profilazione, che produca effetti giuridici che lo riguardano o che incida in modo analogo significativamente sulla sua persona, con esclusione dei casi previsti dall\u2019art. 22 del GDPR.<\/li>\n<\/ul>\n\n\n\n<p><strong>Diritto di opposizione<\/strong><\/p>\n\n\n\n<p>L\u2019Interessato, secondo le modalit\u00e0 indicate per l\u2019esercizio dei suoi diritti, in qualsiasi momento e senza dover giustificare la propria decisione, ha diritto di opporsi al Trattamento, compresa l\u2019eventuale profilazione, se questo \u00e8:<\/p>\n\n\n\n<ul class=\"wp-block-list\">\n<li>fondato sul legittimo interesse. L\u2019Interessato ha diritto alla cancellazione dei propri dati, a meno che esista un motivo legittimo prevalente del Titolare rispetto a quello che ha dato origine alla richiesta oppure sia necessario accertare, esercitare o difendere un diritto in sede giudiziaria;<\/li>\n\n\n\n<li>eseguito per attivit\u00e0 di promozione commerciale. I dati personali oggetto di opposizione non potranno pi\u00f9 essere utilizzati per tale finalit\u00e0.<\/li>\n<\/ul>\n\n\n\n<p><strong>Diritto di reclamo<\/strong><\/p>\n\n\n\n<p>Ricorrendone i presupposti, l\u2019Interessato ha il diritto di proporre un reclamo al Garante Privacy secondo le procedure previste dalla normativa (art. 77 del GDPR).<\/p>\n\n\n\n<p><strong>Aggiornamento e modifiche<\/strong><\/p>\n\n\n\n<p>Ogni aggiornamento della presente informativa sar\u00e0 comunicato tempestivamente e mediante mezzi idonei e altres\u00ec, prima di procedervi, sar\u00e0 comunicato se il Titolare effettui un trattamento dei dati per finalit\u00e0 diverse rispetto a quelle suindicate, richiedendo il consenso dell\u2019Interessato qualora necessario.<\/p>\n\n\n\n<hr class=\"wp-block-separator has-alpha-channel-opacity\"\/>\n","protected":false},"excerpt":{"rendered":"<p>INFORMATIVA SUL TRATTAMENTO DEI DATI PERSONALI &#8211; NEWSLETTER (ai sensi dell\u2019art. 13 del Regolamento UE 2016\/679, di seguito \u201cGDPR\u201d&nbsp;e del D.Lgs. 196\/2003 cos\u00ec come modificato dal D.Lgs. 101\/2018, di seguito \u201cCodice della Privacy\u201d) Gentile Utente, ASS.I.V. \u2013 Associazione Italiana Vigilanza&nbsp;e Servizi Fiduciari&nbsp;(di seguito \u201cTitolare\u201d), nel perseguire lo scopo di promuovere l\u2019importanza sociale dell\u2019attivit\u00e0 di vigilanza<\/p>\n","protected":false},"author":1,"featured_media":0,"parent":0,"menu_order":0,"comment_status":"closed","ping_status":"open","template":"","meta":{"footnotes":""},"class_list":["post-3","page","type-page","status-publish"],"yoast_head":"<!-- This site is optimized with the Yoast SEO plugin v26.0 - https:\/\/yoast.com\/wordpress\/plugins\/seo\/ -->\n<title>Privacy Policy - Blog.Assiv<\/title>\n<meta name=\"robots\" content=\"index, follow, max-snippet:-1, max-image-preview:large, max-video-preview:-1\" \/>\n<link rel=\"canonical\" href=\"https:\/\/blog.assiv.it\/index.php\/privacy-policy\/\" \/>\n<meta property=\"og:locale\" content=\"it_IT\" \/>\n<meta property=\"og:type\" content=\"article\" \/>\n<meta property=\"og:title\" content=\"Privacy Policy - Blog.Assiv\" \/>\n<meta property=\"og:description\" content=\"INFORMATIVA SUL TRATTAMENTO DEI DATI PERSONALI &#8211; NEWSLETTER (ai sensi dell\u2019art. 13 del Regolamento UE 2016\/679, di seguito \u201cGDPR\u201d&nbsp;e del D.Lgs. 196\/2003 cos\u00ec come modificato dal D.Lgs. 101\/2018, di seguito \u201cCodice della Privacy\u201d) Gentile Utente, ASS.I.V. \u2013 Associazione Italiana Vigilanza&nbsp;e Servizi Fiduciari&nbsp;(di seguito \u201cTitolare\u201d), nel perseguire lo scopo di promuovere l\u2019importanza sociale dell\u2019attivit\u00e0 di vigilanza\" \/>\n<meta property=\"og:url\" content=\"https:\/\/blog.assiv.it\/index.php\/privacy-policy\/\" \/>\n<meta property=\"og:site_name\" content=\"Blog.Assiv\" \/>\n<meta property=\"article:publisher\" content=\"https:\/\/www.facebook.com\/associazionevigilanza\/\" \/>\n<meta property=\"article:modified_time\" content=\"2025-02-10T11:09:53+00:00\" \/>\n<meta name=\"twitter:card\" content=\"summary_large_image\" \/>\n<meta name=\"twitter:label1\" content=\"Tempo di lettura stimato\" \/>\n\t<meta name=\"twitter:data1\" content=\"9 minuti\" \/>\n<script type=\"application\/ld+json\" class=\"yoast-schema-graph\">{\"@context\":\"https:\/\/schema.org\",\"@graph\":[{\"@type\":\"WebPage\",\"@id\":\"https:\/\/blog.assiv.it\/index.php\/privacy-policy\/\",\"url\":\"https:\/\/blog.assiv.it\/index.php\/privacy-policy\/\",\"name\":\"Privacy Policy - Blog.Assiv\",\"isPartOf\":{\"@id\":\"https:\/\/blog.assiv.it\/#website\"},\"datePublished\":\"2024-07-31T14:04:28+00:00\",\"dateModified\":\"2025-02-10T11:09:53+00:00\",\"breadcrumb\":{\"@id\":\"https:\/\/blog.assiv.it\/index.php\/privacy-policy\/#breadcrumb\"},\"inLanguage\":\"it-IT\",\"potentialAction\":[{\"@type\":\"ReadAction\",\"target\":[\"https:\/\/blog.assiv.it\/index.php\/privacy-policy\/\"]}]},{\"@type\":\"BreadcrumbList\",\"@id\":\"https:\/\/blog.assiv.it\/index.php\/privacy-policy\/#breadcrumb\",\"itemListElement\":[{\"@type\":\"ListItem\",\"position\":1,\"name\":\"Home\",\"item\":\"https:\/\/blog.assiv.it\/\"},{\"@type\":\"ListItem\",\"position\":2,\"name\":\"Privacy Policy\"}]},{\"@type\":\"WebSite\",\"@id\":\"https:\/\/blog.assiv.it\/#website\",\"url\":\"https:\/\/blog.assiv.it\/\",\"name\":\"Blog.Assiv\",\"description\":\"Associazione Italiana Vigilanza e Servizi di Sicurezza\",\"publisher\":{\"@id\":\"https:\/\/blog.assiv.it\/#organization\"},\"potentialAction\":[{\"@type\":\"SearchAction\",\"target\":{\"@type\":\"EntryPoint\",\"urlTemplate\":\"https:\/\/blog.assiv.it\/?s={search_term_string}\"},\"query-input\":{\"@type\":\"PropertyValueSpecification\",\"valueRequired\":true,\"valueName\":\"search_term_string\"}}],\"inLanguage\":\"it-IT\"},{\"@type\":\"Organization\",\"@id\":\"https:\/\/blog.assiv.it\/#organization\",\"name\":\"Blog.Assiv\",\"url\":\"https:\/\/blog.assiv.it\/\",\"logo\":{\"@type\":\"ImageObject\",\"inLanguage\":\"it-IT\",\"@id\":\"https:\/\/blog.assiv.it\/#\/schema\/logo\/image\/\",\"url\":\"https:\/\/blog.assiv.it\/wp-content\/uploads\/2024\/08\/blog_assiv_logg_color.png\",\"contentUrl\":\"https:\/\/blog.assiv.it\/wp-content\/uploads\/2024\/08\/blog_assiv_logg_color.png\",\"width\":400,\"height\":102,\"caption\":\"Blog.Assiv\"},\"image\":{\"@id\":\"https:\/\/blog.assiv.it\/#\/schema\/logo\/image\/\"},\"sameAs\":[\"https:\/\/www.facebook.com\/associazionevigilanza\/\",\"https:\/\/www.linkedin.com\/in\/ass-i-v-vigilanza-e-servizi-fiduciari-6923b6169\/\"]}]}<\/script>\n<!-- \/ Yoast SEO plugin. -->","yoast_head_json":{"title":"Privacy Policy - Blog.Assiv","robots":{"index":"index","follow":"follow","max-snippet":"max-snippet:-1","max-image-preview":"max-image-preview:large","max-video-preview":"max-video-preview:-1"},"canonical":"https:\/\/blog.assiv.it\/index.php\/privacy-policy\/","og_locale":"it_IT","og_type":"article","og_title":"Privacy Policy - Blog.Assiv","og_description":"INFORMATIVA SUL TRATTAMENTO DEI DATI PERSONALI &#8211; NEWSLETTER (ai sensi dell\u2019art. 13 del Regolamento UE 2016\/679, di seguito \u201cGDPR\u201d&nbsp;e del D.Lgs. 196\/2003 cos\u00ec come modificato dal D.Lgs. 101\/2018, di seguito \u201cCodice della Privacy\u201d) Gentile Utente, ASS.I.V. \u2013 Associazione Italiana Vigilanza&nbsp;e Servizi Fiduciari&nbsp;(di seguito \u201cTitolare\u201d), nel perseguire lo scopo di promuovere l\u2019importanza sociale dell\u2019attivit\u00e0 di vigilanza","og_url":"https:\/\/blog.assiv.it\/index.php\/privacy-policy\/","og_site_name":"Blog.Assiv","article_publisher":"https:\/\/www.facebook.com\/associazionevigilanza\/","article_modified_time":"2025-02-10T11:09:53+00:00","twitter_card":"summary_large_image","twitter_misc":{"Tempo di lettura stimato":"9 minuti"},"schema":{"@context":"https:\/\/schema.org","@graph":[{"@type":"WebPage","@id":"https:\/\/blog.assiv.it\/index.php\/privacy-policy\/","url":"https:\/\/blog.assiv.it\/index.php\/privacy-policy\/","name":"Privacy Policy - Blog.Assiv","isPartOf":{"@id":"https:\/\/blog.assiv.it\/#website"},"datePublished":"2024-07-31T14:04:28+00:00","dateModified":"2025-02-10T11:09:53+00:00","breadcrumb":{"@id":"https:\/\/blog.assiv.it\/index.php\/privacy-policy\/#breadcrumb"},"inLanguage":"it-IT","potentialAction":[{"@type":"ReadAction","target":["https:\/\/blog.assiv.it\/index.php\/privacy-policy\/"]}]},{"@type":"BreadcrumbList","@id":"https:\/\/blog.assiv.it\/index.php\/privacy-policy\/#breadcrumb","itemListElement":[{"@type":"ListItem","position":1,"name":"Home","item":"https:\/\/blog.assiv.it\/"},{"@type":"ListItem","position":2,"name":"Privacy Policy"}]},{"@type":"WebSite","@id":"https:\/\/blog.assiv.it\/#website","url":"https:\/\/blog.assiv.it\/","name":"Blog.Assiv","description":"Associazione Italiana Vigilanza e Servizi di Sicurezza","publisher":{"@id":"https:\/\/blog.assiv.it\/#organization"},"potentialAction":[{"@type":"SearchAction","target":{"@type":"EntryPoint","urlTemplate":"https:\/\/blog.assiv.it\/?s={search_term_string}"},"query-input":{"@type":"PropertyValueSpecification","valueRequired":true,"valueName":"search_term_string"}}],"inLanguage":"it-IT"},{"@type":"Organization","@id":"https:\/\/blog.assiv.it\/#organization","name":"Blog.Assiv","url":"https:\/\/blog.assiv.it\/","logo":{"@type":"ImageObject","inLanguage":"it-IT","@id":"https:\/\/blog.assiv.it\/#\/schema\/logo\/image\/","url":"https:\/\/blog.assiv.it\/wp-content\/uploads\/2024\/08\/blog_assiv_logg_color.png","contentUrl":"https:\/\/blog.assiv.it\/wp-content\/uploads\/2024\/08\/blog_assiv_logg_color.png","width":400,"height":102,"caption":"Blog.Assiv"},"image":{"@id":"https:\/\/blog.assiv.it\/#\/schema\/logo\/image\/"},"sameAs":["https:\/\/www.facebook.com\/associazionevigilanza\/","https:\/\/www.linkedin.com\/in\/ass-i-v-vigilanza-e-servizi-fiduciari-6923b6169\/"]}]}},"amp_enabled":true,"_links":{"self":[{"href":"https:\/\/blog.assiv.it\/index.php\/wp-json\/wp\/v2\/pages\/3","targetHints":{"allow":["GET"]}}],"collection":[{"href":"https:\/\/blog.assiv.it\/index.php\/wp-json\/wp\/v2\/pages"}],"about":[{"href":"https:\/\/blog.assiv.it\/index.php\/wp-json\/wp\/v2\/types\/page"}],"author":[{"embeddable":true,"href":"https:\/\/blog.assiv.it\/index.php\/wp-json\/wp\/v2\/users\/1"}],"replies":[{"embeddable":true,"href":"https:\/\/blog.assiv.it\/index.php\/wp-json\/wp\/v2\/comments?post=3"}],"version-history":[{"count":4,"href":"https:\/\/blog.assiv.it\/index.php\/wp-json\/wp\/v2\/pages\/3\/revisions"}],"predecessor-version":[{"id":20996,"href":"https:\/\/blog.assiv.it\/index.php\/wp-json\/wp\/v2\/pages\/3\/revisions\/20996"}],"wp:attachment":[{"href":"https:\/\/blog.assiv.it\/index.php\/wp-json\/wp\/v2\/media?parent=3"}],"curies":[{"name":"wp","href":"https:\/\/api.w.org\/{rel}","templated":true}]}}